{"id":177,"date":"2020-11-09T12:27:08","date_gmt":"2020-11-09T11:27:08","guid":{"rendered":"https:\/\/animavital.com\/?post_type=product&#038;p=177"},"modified":"2021-02-15T14:16:38","modified_gmt":"2021-02-15T13:16:38","slug":"apple-cider-vinegar","status":"publish","type":"product","link":"https:\/\/animavital.com\/?product=apple-cider-vinegar","title":{"rendered":"Apple cider vinegar 1L"},"content":{"rendered":"<p><em>Orale toediening<\/em>: verdund toedienen in minstens 5 maal zoveel water.<\/p>\n<p>Paarden: 4 \u00e0 5 eetlepels per dag, pony\u2019s: 2 \u00e0 3 eetlepels per dag.<\/p>\n<p>Honden &lt; 10 kg: 1 koffielepel per dag.<\/p>\n<p>Honden tussen 10 en 20 kg: 2 koffielepels per dag.<\/p>\n<p>Honden tussen 20 en 40 kg: 3 koffielepels per dag.<\/p>\n<p>Duiven en kippen: 2 eetlepels per liter drinkwater.<\/p>\n<p><em>Uitwendig:<\/em> spoelen of deppen met \u00e9\u00e9n deel appelazijn op 1 \u00e0 2 delen water, laten opdrogen.<\/p>\n<p>Er kan zich wat bezinksel op de bodem van de fles vormen, daarom best schudden voor gebruik. Na opening in de koelkast bewaren. De dagelijkse portie niet overschrijden.<\/p>\n","protected":false},"excerpt":{"rendered":"<p><em>Bevordert de eliminatie en de stofwisseling &#8211; stimuleert de spijsvertering<\/em><\/p>\n<p>Appelazijn is een eeuwenoud en beproefd middel met een algemene gezondheidsbevorderende werking. Deze <strong>natuurlijke mix van azijnzuur, enzymen, vitaminen en talrijke mineralen <\/strong>bevordert bij inwendige inname de stofwisseling en lichaamseliminatie en stimuleert de spijsvertering. Dagelijkse toediening bij uw dier draagt bij tot:<br \/>\n\u2022 een vlotte spijsvertering<br \/>\n\u2022 een gezonde darmflora<br \/>\n\u2022 meer energie en een betere weerstand<br \/>\n\u2022 een gave huid en glanzende haren<\/p>\n<p>Uitwendig verdund toegepast, helpt appelazijn bij schaafplekken, irritatie, droogte, schilfers en zonnebrand<\/p>\n<p>inhoud: 1l<\/p>\n","protected":false},"featured_media":178,"template":"","meta":[],"product_brand":[],"product_cat":[19],"product_tag":[],"class_list":{"0":"post-177","1":"product","2":"type-product","3":"status-publish","4":"has-post-thumbnail","6":"product_cat-paarden","8":"first","9":"instock","10":"taxable","11":"shipping-taxable","12":"purchasable","13":"product-type-simple"},"_links":{"self":[{"href":"https:\/\/animavital.com\/index.php?rest_route=\/wp\/v2\/product\/177","targetHints":{"allow":["GET"]}}],"collection":[{"href":"https:\/\/animavital.com\/index.php?rest_route=\/wp\/v2\/product"}],"about":[{"href":"https:\/\/animavital.com\/index.php?rest_route=\/wp\/v2\/types\/product"}],"wp:featuredmedia":[{"embeddable":true,"href":"https:\/\/animavital.com\/index.php?rest_route=\/wp\/v2\/media\/178"}],"wp:attachment":[{"href":"https:\/\/animavital.com\/index.php?rest_route=%2Fwp%2Fv2%2Fmedia&parent=177"}],"wp:term":[{"taxonomy":"product_brand","embeddable":true,"href":"https:\/\/animavital.com\/index.php?rest_route=%2Fwp%2Fv2%2Fproduct_brand&post=177"},{"taxonomy":"product_cat","embeddable":true,"href":"https:\/\/animavital.com\/index.php?rest_route=%2Fwp%2Fv2%2Fproduct_cat&post=177"},{"taxonomy":"product_tag","embeddable":true,"href":"https:\/\/animavital.com\/index.php?rest_route=%2Fwp%2Fv2%2Fproduct_tag&post=177"}],"curies":[{"name":"wp","href":"https:\/\/api.w.org\/{rel}","templated":true}]}}