{"id":288,"date":"2020-11-12T15:48:30","date_gmt":"2020-11-12T14:48:30","guid":{"rendered":"https:\/\/animavital.com\/?post_type=product&#038;p=288"},"modified":"2021-02-15T14:55:40","modified_gmt":"2021-02-15T13:55:40","slug":"zomergel","status":"publish","type":"product","link":"https:\/\/animavital.com\/?product=zomergel","title":{"rendered":"Summergel\/ Zomergel 500ml"},"content":{"rendered":"<div class=\"tab-container\">\n<div id=\"tabs-2\" class=\"tab-content clearfix ui-tabs-panel ui-corner-bottom ui-widget-content\" role=\"tabpanel\" aria-labelledby=\"ui-id-1\" aria-hidden=\"false\">\n<p>Breng een hoeveelheid naar behoefte op de aangedane plaatsen in de manen, staart of onderbuik. Maak de plaatsen schoon en droog en zorg dat de gel tussen de haren wordt ingebracht. Naar wens dagelijks herhalen.<\/p>\n<\/div>\n<\/div>\n","protected":false},"excerpt":{"rendered":"<p><em>Verlicht prikkeling en gevoeligheid van staart en manen<\/em><\/p>\n<p>ZOMERGEL is een gel op basis van natuurlijke ingredi\u00ebnten. Werkt zuiverend,verzachtend en kalmerend. Met de actieve werking van propolisextract, de essenti\u00eble olie van tea tree en met de zuiverende werking van groene thee en calendula. De essenti\u00eble olie cajaput bevordert het herstel van de huid.<\/p>\n<p>inhoud: 500 ml<\/p>\n","protected":false},"featured_media":289,"template":"","meta":[],"product_brand":[],"product_cat":[19],"product_tag":[],"class_list":{"0":"post-288","1":"product","2":"type-product","3":"status-publish","4":"has-post-thumbnail","6":"product_cat-paarden","8":"first","9":"instock","10":"taxable","11":"shipping-taxable","12":"purchasable","13":"product-type-simple"},"_links":{"self":[{"href":"https:\/\/animavital.com\/index.php?rest_route=\/wp\/v2\/product\/288","targetHints":{"allow":["GET"]}}],"collection":[{"href":"https:\/\/animavital.com\/index.php?rest_route=\/wp\/v2\/product"}],"about":[{"href":"https:\/\/animavital.com\/index.php?rest_route=\/wp\/v2\/types\/product"}],"wp:featuredmedia":[{"embeddable":true,"href":"https:\/\/animavital.com\/index.php?rest_route=\/wp\/v2\/media\/289"}],"wp:attachment":[{"href":"https:\/\/animavital.com\/index.php?rest_route=%2Fwp%2Fv2%2Fmedia&parent=288"}],"wp:term":[{"taxonomy":"product_brand","embeddable":true,"href":"https:\/\/animavital.com\/index.php?rest_route=%2Fwp%2Fv2%2Fproduct_brand&post=288"},{"taxonomy":"product_cat","embeddable":true,"href":"https:\/\/animavital.com\/index.php?rest_route=%2Fwp%2Fv2%2Fproduct_cat&post=288"},{"taxonomy":"product_tag","embeddable":true,"href":"https:\/\/animavital.com\/index.php?rest_route=%2Fwp%2Fv2%2Fproduct_tag&post=288"}],"curies":[{"name":"wp","href":"https:\/\/api.w.org\/{rel}","templated":true}]}}