{"id":47,"date":"2020-11-03T14:20:59","date_gmt":"2020-11-03T13:20:59","guid":{"rendered":"https:\/\/animavital.com\/?post_type=product&#038;p=47"},"modified":"2021-02-15T14:39:00","modified_gmt":"2021-02-15T13:39:00","slug":"bronarome-voor-honden","status":"publish","type":"product","link":"https:\/\/animavital.com\/?product=bronarome-voor-honden","title":{"rendered":"Bronarome voor honden 200 g"},"content":{"rendered":"<p>5 ml (1 koffielepel) per 5 kg lichaamsgewicht, twee maal per dag<\/p>\n","protected":false},"excerpt":{"rendered":"<p><em>Aanvullend dierenvoer voor honden. Versterkt de weerstand en helpt vrijer te ademen<\/em><\/p>\n<p>De BRONAROME-siroop van ANIMAVITAL bevat een uitgekiende combinatie van <strong>essenti\u00eble oli\u00ebn <\/strong>voor een optimale verzorging van de luchtwegen van honden in koude en vochtige periodes. Met <strong>Oregano <\/strong>(Oreganum compactum) en <strong>Kaneelschors<\/strong> (Cinnamomum verum) bevat BRONAROME twee essenti\u00eble oli\u00ebn die het weerstandsvermogen versterken. Hun werking wordt afgerond door de <strong>essenti\u00eble olie van Niaouli <\/strong>(Melaleuca viridiflora)<strong> en Eucalyptus radiata<\/strong>, die helpen vrijer te ademen en de prikkel in de keel verzachten.<\/p>\n<p>inhoud: 200 ml<\/p>\n","protected":false},"featured_media":140,"template":"","meta":[],"product_brand":[],"product_cat":[18],"product_tag":[],"class_list":{"0":"post-47","1":"product","2":"type-product","3":"status-publish","4":"has-post-thumbnail","6":"product_cat-honden-en-katten","8":"first","9":"instock","10":"taxable","11":"shipping-taxable","12":"purchasable","13":"product-type-simple"},"_links":{"self":[{"href":"https:\/\/animavital.com\/index.php?rest_route=\/wp\/v2\/product\/47","targetHints":{"allow":["GET"]}}],"collection":[{"href":"https:\/\/animavital.com\/index.php?rest_route=\/wp\/v2\/product"}],"about":[{"href":"https:\/\/animavital.com\/index.php?rest_route=\/wp\/v2\/types\/product"}],"wp:featuredmedia":[{"embeddable":true,"href":"https:\/\/animavital.com\/index.php?rest_route=\/wp\/v2\/media\/140"}],"wp:attachment":[{"href":"https:\/\/animavital.com\/index.php?rest_route=%2Fwp%2Fv2%2Fmedia&parent=47"}],"wp:term":[{"taxonomy":"product_brand","embeddable":true,"href":"https:\/\/animavital.com\/index.php?rest_route=%2Fwp%2Fv2%2Fproduct_brand&post=47"},{"taxonomy":"product_cat","embeddable":true,"href":"https:\/\/animavital.com\/index.php?rest_route=%2Fwp%2Fv2%2Fproduct_cat&post=47"},{"taxonomy":"product_tag","embeddable":true,"href":"https:\/\/animavital.com\/index.php?rest_route=%2Fwp%2Fv2%2Fproduct_tag&post=47"}],"curies":[{"name":"wp","href":"https:\/\/api.w.org\/{rel}","templated":true}]}}